{"id":13250,"date":"2017-09-20T15:04:49","date_gmt":"2017-09-20T14:04:49","guid":{"rendered":"http:\/\/www.hh-groep.be\/hh-garden\/"},"modified":"2023-11-04T09:18:18","modified_gmt":"2023-11-04T08:18:18","slug":"hh-garden","status":"publish","type":"page","link":"https:\/\/vanderhaeghe.be\/fr\/hh-garden\/","title":{"rendered":"Parcs &#038; Jardins"},"content":{"rendered":"\n<style type=\"text\/css\" data-created_by=\"avia_inline_auto\" id=\"style-css-av-av_one_full-15d750bd1b332b34c6e70b077ebbccdf\">\n.flex_column.av-av_one_full-15d750bd1b332b34c6e70b077ebbccdf{\nborder-radius:0px 0px 0px 0px;\npadding:0px 0px 0px 0px;\n}\n<\/style>\n<div  class='flex_column av-av_one_full-15d750bd1b332b34c6e70b077ebbccdf av_one_full  avia-builder-el-0  el_before_av_section  avia-builder-el-no-sibling  first flex_column_div av-zero-column-padding  '     ><p><div  class='avia-slideshow av-av_slideshow-8529fe797de692b19989601d7dd6761a avia-slideshow-featured av_slideshow avia-slide-slider  avia-builder-el-1  el_before_av_heading  avia-builder-el-first  av-slideshow-ui av-control-default av-slideshow-manual av-loop-once av-loop-manual-endless av-default-height-applied avia-slideshow-1' data-slideshow-options=\"{&quot;animation&quot;:&quot;slide&quot;,&quot;autoplay&quot;:false,&quot;loop_autoplay&quot;:&quot;once&quot;,&quot;interval&quot;:5,&quot;loop_manual&quot;:&quot;manual-endless&quot;,&quot;autoplay_stopper&quot;:false,&quot;noNavigation&quot;:false,&quot;bg_slider&quot;:false,&quot;keep_padding&quot;:false,&quot;hoverpause&quot;:false,&quot;show_slide_delay&quot;:0}\"  itemprop=\"image\" itemscope=\"itemscope\" itemtype=\"https:\/\/schema.org\/ImageObject\" ><ul class='avia-slideshow-inner ' style='padding-bottom: 28.6666666667%;'><li  class='avia-slideshow-slide av-av_slideshow-8529fe797de692b19989601d7dd6761a__0  av-single-slide slide-1 slide-odd'><div data-rel='slideshow-1' class='avia-slide-wrap '   ><img decoding=\"async\" fetchpriority=\"high\" class=\"wp-image-14993 avia-img-lazy-loading-not-14993\"  src=\"https:\/\/vanderhaeghe.be\/wp-content\/uploads\/2017\/09\/park-1b.jpg\" width=\"1500\" height=\"430\" title='park-1b' alt=''  itemprop=\"thumbnailUrl\" srcset=\"https:\/\/vanderhaeghe.be\/wp-content\/uploads\/2017\/09\/park-1b.jpg 1500w, https:\/\/vanderhaeghe.be\/wp-content\/uploads\/2017\/09\/park-1b-300x86.jpg 300w, https:\/\/vanderhaeghe.be\/wp-content\/uploads\/2017\/09\/park-1b-768x220.jpg 768w, https:\/\/vanderhaeghe.be\/wp-content\/uploads\/2017\/09\/park-1b-1030x295.jpg 1030w, https:\/\/vanderhaeghe.be\/wp-content\/uploads\/2017\/09\/park-1b-705x202.jpg 705w\" sizes=\"(max-width: 1500px) 100vw, 1500px\" \/><\/div><\/li><\/ul><\/div><br \/>\n\n<style type=\"text\/css\" data-created_by=\"avia_inline_auto\" id=\"style-css-av-av_heading-e9cfafbb859133112abe02d8564d69a3\">\n#top .av-special-heading.av-av_heading-e9cfafbb859133112abe02d8564d69a3{\npadding-bottom:10px;\n}\nbody .av-special-heading.av-av_heading-e9cfafbb859133112abe02d8564d69a3 .av-special-heading-tag .heading-char{\nfont-size:25px;\n}\n.av-special-heading.av-av_heading-e9cfafbb859133112abe02d8564d69a3 .av-subheading{\nfont-size:15px;\n}\n<\/style>\n<div  class='av-special-heading av-av_heading-e9cfafbb859133112abe02d8564d69a3 av-special-heading-h3  avia-builder-el-2  el_after_av_slideshow  el_before_av_textblock '><h3 class='av-special-heading-tag '  itemprop=\"headline\"  >Notre vision: Vous permettre d\u2019effectuer vos activit\u00e9s de la mani\u00e8re la plus durable et la plus rentable possible. <\/h3><div class=\"special-heading-border\"><div class=\"special-heading-inner-border\"><\/div><\/div><\/div><br \/>\n<section  class='av_textblock_section av-lojrmi3o-029344b9eb93551ad41feaf30ff0c401 '   itemscope=\"itemscope\" itemtype=\"https:\/\/schema.org\/CreativeWork\" ><div class='avia_textblock'  itemprop=\"text\" ><p>Par innovation, nous souhaitons, en tant qu&rsquo;entreprise familiale, jouer un r\u00f4le majeur dans la distribution de mat\u00e9riel technique et l&rsquo;offre de services li\u00e9s \u00e0 l&rsquo;utilisation de ce mat\u00e9riel.<\/p>\n<p>L&rsquo;engagement de nos employ\u00e9es et la qualit\u00e9 du mat\u00e9riel et des services offerts doivent permettre \u00e0 nos utilisateurs finaux de r\u00e9aliser leurs travaux de la mani\u00e8re la plus durable et la plus rentable possible.<\/p>\n<p>Avec plus de 50 ans d&rsquo;exp\u00e9rience en tant qu&rsquo;importateur de machines dans le secteur vert, nous avons, pendant ce temps, d\u00e9velopp\u00e9 une expertise vaste et avons \u00e9tabli trois succursales. HH Garden pour la distribution de machines en Belgique et au Luxembourg\u00a0 et Van der Haeghe BV pour la distribution de machines dans le secteur vert aux Pays-Bas.<\/p>\n<\/div><\/section><\/p><\/div>\n<\/div><\/div><\/div><!-- close content main div --><\/div><\/div><div id='av_section_1'  class='avia-section av-av_section-77e1ff4e2867e8f30fce95ac76c93987 main_color avia-section-default avia-no-shadow  avia-builder-el-4  el_after_av_one_full  avia-builder-el-last  activity-brands avia-bg-style-scroll container_wrap fullsize'  ><div class='container av-section-cont-open' ><div class='template-page content  av-content-full alpha units'><div class='post-entry post-entry-type-page post-entry-13250'><div class='entry-content-wrapper clearfix'>\n<div class='flex_column_table av-lnkdvm06-5a90572c0aada85e6272a414c7cc8875 sc-av_one_third av-equal-height-column-flextable'>\n<style type=\"text\/css\" data-created_by=\"avia_inline_auto\" id=\"style-css-av-lnkdvm06-5a90572c0aada85e6272a414c7cc8875\">\n.flex_column.av-lnkdvm06-5a90572c0aada85e6272a414c7cc8875{\nborder-radius:15px 15px 15px 15px;\npadding:15px 15px 15px 15px;\n}\n<\/style>\n<div  class='flex_column av-lnkdvm06-5a90572c0aada85e6272a414c7cc8875 av_one_third  avia-builder-el-5  el_before_av_one_third  avia-builder-el-first  first flex_column_table_cell av-equal-height-column av-align-top av-animated-generic pop-up  '     ><p>\n<style type=\"text\/css\" data-created_by=\"avia_inline_auto\" id=\"style-css-av-lojruwd7-2b81577a2856b1fe9ea0e13b3e424656\">\n.avia-image-container.av-lojruwd7-2b81577a2856b1fe9ea0e13b3e424656 img.avia_image{\nbox-shadow:none;\n}\n.avia-image-container.av-lojruwd7-2b81577a2856b1fe9ea0e13b3e424656 .av-image-caption-overlay-center{\ncolor:#ffffff;\n}\n<\/style>\n<div  class='avia-image-container av-lojruwd7-2b81577a2856b1fe9ea0e13b3e424656 av-styling- av-img-linked avia-align-left  avia-builder-el-6  el_before_av_hr  avia-builder-el-first '   itemprop=\"image\" itemscope=\"itemscope\" itemtype=\"https:\/\/schema.org\/ImageObject\" ><div class=\"avia-image-container-inner\"><div class=\"avia-image-overlay-wrap\"><a href=\"https:\/\/www.hh-garden.be\/fr\/\" class='avia_image '  target=\"_blank\"  rel=\"noopener noreferrer\" aria-label='logo-hh-garden-rgb - Medium'><img decoding=\"async\" fetchpriority=\"high\" class='wp-image-15074 avia-img-lazy-loading-not-15074 avia_image ' src=\"https:\/\/vanderhaeghe.be\/wp-content\/uploads\/2023\/11\/logo-hh-garden-rgb-Medium-300x92.png\" alt='' title='logo-hh-garden-rgb - Medium'  height=\"92\" width=\"300\"  itemprop=\"thumbnailUrl\" srcset=\"https:\/\/vanderhaeghe.be\/wp-content\/uploads\/2023\/11\/logo-hh-garden-rgb-Medium-300x92.png 300w, https:\/\/vanderhaeghe.be\/wp-content\/uploads\/2023\/11\/logo-hh-garden-rgb-Medium-1030x314.png 1030w, https:\/\/vanderhaeghe.be\/wp-content\/uploads\/2023\/11\/logo-hh-garden-rgb-Medium-768x234.png 768w, https:\/\/vanderhaeghe.be\/wp-content\/uploads\/2023\/11\/logo-hh-garden-rgb-Medium-705x215.png 705w, https:\/\/vanderhaeghe.be\/wp-content\/uploads\/2023\/11\/logo-hh-garden-rgb-Medium.png 1200w\" sizes=\"(max-width: 300px) 100vw, 300px\" \/><\/a><\/div><\/div><\/div><br \/>\n\n<style type=\"text\/css\" data-created_by=\"avia_inline_auto\" id=\"style-css-av-av_hr-503b403f397c2bc1831147a178dd3f6c\">\n#top .hr.hr-invisible.av-av_hr-503b403f397c2bc1831147a178dd3f6c{\nheight:25px;\n}\n<\/style>\n<div  class='hr av-av_hr-503b403f397c2bc1831147a178dd3f6c hr-invisible  avia-builder-el-7  el_after_av_image  el_before_av_textblock '><span class='hr-inner '><span class=\"hr-inner-style\"><\/span><\/span><\/div><br \/>\n<section  class='av_textblock_section av-av_textblock-2bd894dbf2e4bf2c4acf98ce4fbf94aa '   itemscope=\"itemscope\" itemtype=\"https:\/\/schema.org\/CreativeWork\" ><div class='avia_textblock'  itemprop=\"text\" ><p>HH Garden est dans le secteur vert l&rsquo;importateur exclusif des meilleures marques en <strong>Belgique<\/strong> et au <strong>Luxembourg<\/strong>. Visitez notre site Web\u00a0<a href=\"https:\/\/www.hh-garden.be\/fr\" target=\"_blank\" rel=\"noopener\">hh-garden.be<\/a> pour avoir un aper\u00e7u complet des produits, des services et bien plus encore.<\/p>\n<\/div><\/section><br \/>\n\n<style type=\"text\/css\" data-created_by=\"avia_inline_auto\" id=\"style-css-av-av_hr-503b403f397c2bc1831147a178dd3f6c\">\n#top .hr.hr-invisible.av-av_hr-503b403f397c2bc1831147a178dd3f6c{\nheight:25px;\n}\n<\/style>\n<div  class='hr av-av_hr-503b403f397c2bc1831147a178dd3f6c hr-invisible  avia-builder-el-9  el_after_av_textblock  el_before_av_button '><span class='hr-inner '><span class=\"hr-inner-style\"><\/span><\/span><\/div><br \/>\n<div  class='avia-button-wrap av-lojrln0q-ba26adb7b7d008f52caffa9566c886ee-wrap avia-button-left  avia-builder-el-10  el_after_av_hr  avia-builder-el-last '><a href='https:\/\/vanderhaeghe.be\/fr\/hh-garden\/hilaire-van-der-haeghe-n-v\/'  class='avia-button av-lojrln0q-ba26adb7b7d008f52caffa9566c886ee av-link-btn avia-icon_select-yes-right-icon avia-size-medium avia-position-left avia-color-theme-color'   aria-label=\"Plus d\u2019info\"><span class='avia_iconbox_title' >Plus d\u2019info<\/span><span class='avia_button_icon avia_button_icon_right avia-iconfont avia-font-entypo-fontello' data-av_icon='\ue87d' data-av_iconfont='entypo-fontello' ><\/span><\/a><\/div><\/p><\/div><div class='av-flex-placeholder'><\/div>\n<style type=\"text\/css\" data-created_by=\"avia_inline_auto\" id=\"style-css-av-lnkdvql0-96e0cb518cc0687a1919d38fa9e18251\">\n.flex_column.av-lnkdvql0-96e0cb518cc0687a1919d38fa9e18251{\nborder-radius:0px 0px 0px 0px;\npadding:15px 15px 15px 15px;\n}\n<\/style>\n<div  class='flex_column av-lnkdvql0-96e0cb518cc0687a1919d38fa9e18251 av_one_third  avia-builder-el-11  el_after_av_one_third  avia-builder-el-last  flex_column_table_cell av-equal-height-column av-align-top av-animated-generic pop-up  '     ><p>\n<style type=\"text\/css\" data-created_by=\"avia_inline_auto\" id=\"style-css-av-lojrvdc0-a6e85cfc5b8bb1dc7cb09622849fae34\">\n.avia-image-container.av-lojrvdc0-a6e85cfc5b8bb1dc7cb09622849fae34 img.avia_image{\nbox-shadow:none;\n}\n.avia-image-container.av-lojrvdc0-a6e85cfc5b8bb1dc7cb09622849fae34 .av-image-caption-overlay-center{\ncolor:#ffffff;\n}\n<\/style>\n<div  class='avia-image-container av-lojrvdc0-a6e85cfc5b8bb1dc7cb09622849fae34 av-styling- av-img-linked avia-align-left  avia-builder-el-12  el_before_av_hr  avia-builder-el-first '   itemprop=\"image\" itemscope=\"itemscope\" itemtype=\"https:\/\/schema.org\/ImageObject\" ><div class=\"avia-image-container-inner\"><div class=\"avia-image-overlay-wrap\"><a href=\"http:\/\/vanderhaeghe.nl\" class='avia_image '  target=\"_blank\"  rel=\"noopener noreferrer\" aria-label='HH bv'><img decoding=\"async\" fetchpriority=\"high\" class='wp-image-14999 avia-img-lazy-loading-not-14999 avia_image ' src=\"https:\/\/vanderhaeghe.be\/wp-content\/uploads\/2018\/06\/HH-bv-1-300x132.png\" alt='' title='HH bv'  height=\"132\" width=\"300\"  itemprop=\"thumbnailUrl\" srcset=\"https:\/\/vanderhaeghe.be\/wp-content\/uploads\/2018\/06\/HH-bv-1-300x132.png 300w, https:\/\/vanderhaeghe.be\/wp-content\/uploads\/2018\/06\/HH-bv-1.png 613w\" sizes=\"(max-width: 300px) 100vw, 300px\" \/><\/a><\/div><\/div><\/div><br \/>\n\n<style type=\"text\/css\" data-created_by=\"avia_inline_auto\" id=\"style-css-av-av_hr-503b403f397c2bc1831147a178dd3f6c\">\n#top .hr.hr-invisible.av-av_hr-503b403f397c2bc1831147a178dd3f6c{\nheight:25px;\n}\n<\/style>\n<div  class='hr av-av_hr-503b403f397c2bc1831147a178dd3f6c hr-invisible  avia-builder-el-13  el_after_av_image  el_before_av_textblock '><span class='hr-inner '><span class=\"hr-inner-style\"><\/span><\/span><\/div><br \/>\n<section  class='av_textblock_section av-av_textblock-2bd894dbf2e4bf2c4acf98ce4fbf94aa '   itemscope=\"itemscope\" itemtype=\"https:\/\/schema.org\/CreativeWork\" ><div class='avia_textblock'  itemprop=\"text\" ><p>Van der Haeghe BV est dans le secteur vert l&rsquo;importateur exclusif des meilleures marques aux <strong>Pays-Bas.<\/strong> Visitez notre site Web\u00a0<a href=\"http:\/\/www.vanderhaeghe.nl\/\" target=\"_blank\" rel=\"noopener\">vanderhaeghe.nl<\/a> pour avoir un aper\u00e7u complet des produits offerts, des services et bien plus encore.<\/p>\n<\/div><\/section><br \/>\n\n<style type=\"text\/css\" data-created_by=\"avia_inline_auto\" id=\"style-css-av-av_hr-503b403f397c2bc1831147a178dd3f6c\">\n#top .hr.hr-invisible.av-av_hr-503b403f397c2bc1831147a178dd3f6c{\nheight:25px;\n}\n<\/style>\n<div  class='hr av-av_hr-503b403f397c2bc1831147a178dd3f6c hr-invisible  avia-builder-el-15  el_after_av_textblock  el_before_av_button '><span class='hr-inner '><span class=\"hr-inner-style\"><\/span><\/span><\/div><br \/>\n<div  class='avia-button-wrap av-lojrlyd0-ec64f2c86336fdb44f159344ec9354f8-wrap avia-button-left  avia-builder-el-16  el_after_av_hr  avia-builder-el-last '><a href='https:\/\/vanderhaeghe.be\/fr\/hh-garden\/van-der-haeghe-bv\/'  class='avia-button av-lojrlyd0-ec64f2c86336fdb44f159344ec9354f8 av-link-btn avia-icon_select-yes-right-icon avia-size-medium avia-position-left avia-color-theme-color'   aria-label=\"Plus d\u2019info\"><span class='avia_iconbox_title' >Plus d\u2019info<\/span><span class='avia_button_icon avia_button_icon_right avia-iconfont avia-font-entypo-fontello' data-av_icon='\ue87d' data-av_iconfont='entypo-fontello' ><\/span><\/a><\/div><\/p><\/div><\/div><!--close column table wrapper. Autoclose: 1 -->\n","protected":false},"excerpt":{"rendered":"","protected":false},"author":20,"featured_media":0,"parent":0,"menu_order":0,"comment_status":"closed","ping_status":"closed","template":"","meta":{"_acf_changed":false,"footnotes":""},"class_list":["post-13250","page","type-page","status-publish","hentry"],"acf":[],"yoast_head":"<!-- This site is optimized with the Yoast SEO plugin v27.3 - https:\/\/yoast.com\/product\/yoast-seo-wordpress\/ -->\n<title>Parcs &amp; Jardins &#8212; Hilaire Van der Haeghe<\/title>\n<meta name=\"robots\" content=\"index, follow, max-snippet:-1, max-image-preview:large, max-video-preview:-1\" \/>\n<link rel=\"canonical\" href=\"https:\/\/vanderhaeghe.be\/fr\/hh-garden\/\" \/>\n<meta property=\"og:locale\" content=\"fr_FR\" \/>\n<meta property=\"og:type\" content=\"article\" \/>\n<meta property=\"og:title\" content=\"Parcs &amp; Jardins &#8212; Hilaire Van der Haeghe\" \/>\n<meta property=\"og:url\" content=\"https:\/\/vanderhaeghe.be\/fr\/hh-garden\/\" \/>\n<meta property=\"og:site_name\" content=\"Hilaire Van der Haeghe\" \/>\n<meta property=\"article:modified_time\" content=\"2023-11-04T08:18:18+00:00\" \/>\n<meta name=\"twitter:card\" content=\"summary_large_image\" \/>\n<meta name=\"twitter:label1\" content=\"Dur\u00e9e de lecture estim\u00e9e\" \/>\n\t<meta name=\"twitter:data1\" content=\"5 minutes\" \/>\n<script type=\"application\/ld+json\" class=\"yoast-schema-graph\">{\"@context\":\"https:\\\/\\\/schema.org\",\"@graph\":[{\"@type\":\"WebPage\",\"@id\":\"https:\\\/\\\/vanderhaeghe.be\\\/fr\\\/hh-garden\\\/\",\"url\":\"https:\\\/\\\/vanderhaeghe.be\\\/fr\\\/hh-garden\\\/\",\"name\":\"Parcs & Jardins &#8212; Hilaire Van der Haeghe\",\"isPartOf\":{\"@id\":\"https:\\\/\\\/vanderhaeghe.be\\\/nl\\\/#website\"},\"datePublished\":\"2017-09-20T14:04:49+00:00\",\"dateModified\":\"2023-11-04T08:18:18+00:00\",\"breadcrumb\":{\"@id\":\"https:\\\/\\\/vanderhaeghe.be\\\/fr\\\/hh-garden\\\/#breadcrumb\"},\"inLanguage\":\"fr-FR\",\"potentialAction\":[{\"@type\":\"ReadAction\",\"target\":[\"https:\\\/\\\/vanderhaeghe.be\\\/fr\\\/hh-garden\\\/\"]}]},{\"@type\":\"BreadcrumbList\",\"@id\":\"https:\\\/\\\/vanderhaeghe.be\\\/fr\\\/hh-garden\\\/#breadcrumb\",\"itemListElement\":[{\"@type\":\"ListItem\",\"position\":1,\"name\":\"Home\",\"item\":\"https:\\\/\\\/vanderhaeghe.be\\\/fr\\\/\"},{\"@type\":\"ListItem\",\"position\":2,\"name\":\"Parcs &#038; Jardins\"}]},{\"@type\":\"WebSite\",\"@id\":\"https:\\\/\\\/vanderhaeghe.be\\\/nl\\\/#website\",\"url\":\"https:\\\/\\\/vanderhaeghe.be\\\/nl\\\/\",\"name\":\"Hilaire Van der Haeghe\",\"description\":\"HH Groep\",\"publisher\":{\"@id\":\"https:\\\/\\\/vanderhaeghe.be\\\/nl\\\/#organization\"},\"potentialAction\":[{\"@type\":\"SearchAction\",\"target\":{\"@type\":\"EntryPoint\",\"urlTemplate\":\"https:\\\/\\\/vanderhaeghe.be\\\/nl\\\/?s={search_term_string}\"},\"query-input\":{\"@type\":\"PropertyValueSpecification\",\"valueRequired\":true,\"valueName\":\"search_term_string\"}}],\"inLanguage\":\"fr-FR\"},{\"@type\":\"Organization\",\"@id\":\"https:\\\/\\\/vanderhaeghe.be\\\/nl\\\/#organization\",\"name\":\"Hilaire Van der Haeghe NV\",\"url\":\"https:\\\/\\\/vanderhaeghe.be\\\/nl\\\/\",\"logo\":{\"@type\":\"ImageObject\",\"inLanguage\":\"fr-FR\",\"@id\":\"https:\\\/\\\/vanderhaeghe.be\\\/nl\\\/#\\\/schema\\\/logo\\\/image\\\/\",\"url\":\"https:\\\/\\\/vanderhaeghe.be\\\/wp-content\\\/uploads\\\/2017\\\/10\\\/test-logo-hh-nv.png\",\"contentUrl\":\"https:\\\/\\\/vanderhaeghe.be\\\/wp-content\\\/uploads\\\/2017\\\/10\\\/test-logo-hh-nv.png\",\"width\":992,\"height\":386,\"caption\":\"Hilaire Van der Haeghe NV\"},\"image\":{\"@id\":\"https:\\\/\\\/vanderhaeghe.be\\\/nl\\\/#\\\/schema\\\/logo\\\/image\\\/\"}}]}<\/script>\n<!-- \/ Yoast SEO plugin. -->","yoast_head_json":{"title":"Parcs & Jardins &#8212; Hilaire Van der Haeghe","robots":{"index":"index","follow":"follow","max-snippet":"max-snippet:-1","max-image-preview":"max-image-preview:large","max-video-preview":"max-video-preview:-1"},"canonical":"https:\/\/vanderhaeghe.be\/fr\/hh-garden\/","og_locale":"fr_FR","og_type":"article","og_title":"Parcs & Jardins &#8212; Hilaire Van der Haeghe","og_url":"https:\/\/vanderhaeghe.be\/fr\/hh-garden\/","og_site_name":"Hilaire Van der Haeghe","article_modified_time":"2023-11-04T08:18:18+00:00","twitter_card":"summary_large_image","twitter_misc":{"Dur\u00e9e de lecture estim\u00e9e":"5 minutes"},"schema":{"@context":"https:\/\/schema.org","@graph":[{"@type":"WebPage","@id":"https:\/\/vanderhaeghe.be\/fr\/hh-garden\/","url":"https:\/\/vanderhaeghe.be\/fr\/hh-garden\/","name":"Parcs & Jardins &#8212; Hilaire Van der Haeghe","isPartOf":{"@id":"https:\/\/vanderhaeghe.be\/nl\/#website"},"datePublished":"2017-09-20T14:04:49+00:00","dateModified":"2023-11-04T08:18:18+00:00","breadcrumb":{"@id":"https:\/\/vanderhaeghe.be\/fr\/hh-garden\/#breadcrumb"},"inLanguage":"fr-FR","potentialAction":[{"@type":"ReadAction","target":["https:\/\/vanderhaeghe.be\/fr\/hh-garden\/"]}]},{"@type":"BreadcrumbList","@id":"https:\/\/vanderhaeghe.be\/fr\/hh-garden\/#breadcrumb","itemListElement":[{"@type":"ListItem","position":1,"name":"Home","item":"https:\/\/vanderhaeghe.be\/fr\/"},{"@type":"ListItem","position":2,"name":"Parcs &#038; Jardins"}]},{"@type":"WebSite","@id":"https:\/\/vanderhaeghe.be\/nl\/#website","url":"https:\/\/vanderhaeghe.be\/nl\/","name":"Hilaire Van der Haeghe","description":"HH Groep","publisher":{"@id":"https:\/\/vanderhaeghe.be\/nl\/#organization"},"potentialAction":[{"@type":"SearchAction","target":{"@type":"EntryPoint","urlTemplate":"https:\/\/vanderhaeghe.be\/nl\/?s={search_term_string}"},"query-input":{"@type":"PropertyValueSpecification","valueRequired":true,"valueName":"search_term_string"}}],"inLanguage":"fr-FR"},{"@type":"Organization","@id":"https:\/\/vanderhaeghe.be\/nl\/#organization","name":"Hilaire Van der Haeghe NV","url":"https:\/\/vanderhaeghe.be\/nl\/","logo":{"@type":"ImageObject","inLanguage":"fr-FR","@id":"https:\/\/vanderhaeghe.be\/nl\/#\/schema\/logo\/image\/","url":"https:\/\/vanderhaeghe.be\/wp-content\/uploads\/2017\/10\/test-logo-hh-nv.png","contentUrl":"https:\/\/vanderhaeghe.be\/wp-content\/uploads\/2017\/10\/test-logo-hh-nv.png","width":992,"height":386,"caption":"Hilaire Van der Haeghe NV"},"image":{"@id":"https:\/\/vanderhaeghe.be\/nl\/#\/schema\/logo\/image\/"}}]}},"_links":{"self":[{"href":"https:\/\/vanderhaeghe.be\/fr\/wp-json\/wp\/v2\/pages\/13250","targetHints":{"allow":["GET"]}}],"collection":[{"href":"https:\/\/vanderhaeghe.be\/fr\/wp-json\/wp\/v2\/pages"}],"about":[{"href":"https:\/\/vanderhaeghe.be\/fr\/wp-json\/wp\/v2\/types\/page"}],"author":[{"embeddable":true,"href":"https:\/\/vanderhaeghe.be\/fr\/wp-json\/wp\/v2\/users\/20"}],"replies":[{"embeddable":true,"href":"https:\/\/vanderhaeghe.be\/fr\/wp-json\/wp\/v2\/comments?post=13250"}],"version-history":[{"count":0,"href":"https:\/\/vanderhaeghe.be\/fr\/wp-json\/wp\/v2\/pages\/13250\/revisions"}],"wp:attachment":[{"href":"https:\/\/vanderhaeghe.be\/fr\/wp-json\/wp\/v2\/media?parent=13250"}],"curies":[{"name":"wp","href":"https:\/\/api.w.org\/{rel}","templated":true}]}}