{"id":20,"date":"2015-10-19T16:54:15","date_gmt":"2015-10-19T15:54:15","guid":{"rendered":"http:\/\/www.hh-groep.be\/?page_id=20"},"modified":"2016-12-14T17:50:45","modified_gmt":"2016-12-14T16:50:45","slug":"a-propos","status":"publish","type":"page","link":"https:\/\/vanderhaeghe.be\/fr\/a-propos\/","title":{"rendered":"A propos"},"content":{"rendered":"<p>La soci\u00e9t\u00e9 anonyme Hilaire Van der Haeghe (HH) est une entreprise familiale qui distribue sur le march\u00e9 belge du mat\u00e9riel et des \u00e9quipements.<br \/>\nElle assure la repr\u00e9sentation g\u00e9n\u00e9rale de constructeurs \u00e9trangers dans trois secteurs distincts :<\/p>\n<ul>\n<ul>\n<li><a href=\"\/?page_id=970\">la m\u00e9canisation de l&rsquo;agriculture,<\/a><\/li>\n<li><a href=\"\/?page_id=972\">le mat\u00e9riel parc et jardin<\/a>,<\/li>\n<li>la manutention et le transport interne.<\/li>\n<\/ul>\n<\/ul>\n<p>HH vise une position forte sur le march\u00e9\u00a0par:<\/p>\n<p>\u00b7\u00a0\u00a0\u00a0\u00a0\u00a0\u00a0\u00a0\u00a0\u00a0La distribution de produits de constructeurs offrant une technologie de premier plan<\/p>\n<p>\u00b7\u00a0\u00a0\u00a0\u00a0\u00a0\u00a0\u00a0\u00a0\u00a0La collaboration avec un r\u00e9seau d\u2019agents professionnels<\/p>\n<p>\u00b7\u00a0\u00a0\u00a0\u00a0\u00a0\u00a0\u00a0\u00a0\u00a0Le d\u00e9veloppement et l\u2019offre de services efficaces en termes de vente,\u00a0du marketing, du servic apr\u00e8s vente et du financement.<\/p>\n<p>\u00b7\u00a0\u00a0\u00a0\u00a0\u00a0\u00a0\u00a0\u00a0\u00a0Une croissance bas\u00e9e sur une structure financi\u00e8re saine.<\/p>\n","protected":false},"excerpt":{"rendered":"<p>La soci\u00e9t\u00e9 anonyme Hilaire Van der Haeghe (HH) est une entreprise familiale qui distribue sur le march\u00e9 belge du mat\u00e9riel et des \u00e9quipements. Elle assure la repr\u00e9sentation g\u00e9n\u00e9rale de constructeurs \u00e9trangers dans trois secteurs distincts : la m\u00e9canisation de l&rsquo;agriculture, le mat\u00e9riel parc et jardin, la manutention et le transport interne. HH vise une position [&hellip;]<\/p>\n","protected":false},"author":20,"featured_media":0,"parent":0,"menu_order":10,"comment_status":"closed","ping_status":"closed","template":"","meta":{"_acf_changed":false,"footnotes":""},"class_list":["post-20","page","type-page","status-publish","hentry"],"acf":[],"yoast_head":"<!-- This site is optimized with the Yoast SEO plugin v27.3 - https:\/\/yoast.com\/product\/yoast-seo-wordpress\/ -->\n<title>A propos &#8212; Hilaire Van der Haeghe<\/title>\n<meta name=\"robots\" content=\"index, follow, max-snippet:-1, max-image-preview:large, max-video-preview:-1\" \/>\n<link rel=\"canonical\" href=\"https:\/\/vanderhaeghe.be\/fr\/a-propos\/\" \/>\n<meta property=\"og:locale\" content=\"fr_FR\" \/>\n<meta property=\"og:type\" content=\"article\" \/>\n<meta property=\"og:title\" content=\"A propos &#8212; Hilaire Van der Haeghe\" \/>\n<meta property=\"og:description\" content=\"La soci\u00e9t\u00e9 anonyme Hilaire Van der Haeghe (HH) est une entreprise familiale qui distribue sur le march\u00e9 belge du mat\u00e9riel et des \u00e9quipements. Elle assure la repr\u00e9sentation g\u00e9n\u00e9rale de constructeurs \u00e9trangers dans trois secteurs distincts : la m\u00e9canisation de l&rsquo;agriculture, le mat\u00e9riel parc et jardin, la manutention et le transport interne. HH vise une position [&hellip;]\" \/>\n<meta property=\"og:url\" content=\"https:\/\/vanderhaeghe.be\/fr\/a-propos\/\" \/>\n<meta property=\"og:site_name\" content=\"Hilaire Van der Haeghe\" \/>\n<meta property=\"article:modified_time\" content=\"2016-12-14T16:50:45+00:00\" \/>\n<meta name=\"twitter:card\" content=\"summary_large_image\" \/>\n<meta name=\"twitter:label1\" content=\"Dur\u00e9e de lecture estim\u00e9e\" \/>\n\t<meta name=\"twitter:data1\" content=\"1 minute\" \/>\n<script type=\"application\/ld+json\" class=\"yoast-schema-graph\">{\"@context\":\"https:\\\/\\\/schema.org\",\"@graph\":[{\"@type\":\"WebPage\",\"@id\":\"https:\\\/\\\/vanderhaeghe.be\\\/fr\\\/a-propos\\\/\",\"url\":\"https:\\\/\\\/vanderhaeghe.be\\\/fr\\\/a-propos\\\/\",\"name\":\"A propos &#8212; Hilaire Van der Haeghe\",\"isPartOf\":{\"@id\":\"https:\\\/\\\/vanderhaeghe.be\\\/nl\\\/#website\"},\"datePublished\":\"2015-10-19T15:54:15+00:00\",\"dateModified\":\"2016-12-14T16:50:45+00:00\",\"breadcrumb\":{\"@id\":\"https:\\\/\\\/vanderhaeghe.be\\\/fr\\\/a-propos\\\/#breadcrumb\"},\"inLanguage\":\"fr-FR\",\"potentialAction\":[{\"@type\":\"ReadAction\",\"target\":[\"https:\\\/\\\/vanderhaeghe.be\\\/fr\\\/a-propos\\\/\"]}]},{\"@type\":\"BreadcrumbList\",\"@id\":\"https:\\\/\\\/vanderhaeghe.be\\\/fr\\\/a-propos\\\/#breadcrumb\",\"itemListElement\":[{\"@type\":\"ListItem\",\"position\":1,\"name\":\"Home\",\"item\":\"https:\\\/\\\/vanderhaeghe.be\\\/fr\\\/\"},{\"@type\":\"ListItem\",\"position\":2,\"name\":\"A propos\"}]},{\"@type\":\"WebSite\",\"@id\":\"https:\\\/\\\/vanderhaeghe.be\\\/nl\\\/#website\",\"url\":\"https:\\\/\\\/vanderhaeghe.be\\\/nl\\\/\",\"name\":\"Hilaire Van der Haeghe\",\"description\":\"HH Groep\",\"publisher\":{\"@id\":\"https:\\\/\\\/vanderhaeghe.be\\\/nl\\\/#organization\"},\"potentialAction\":[{\"@type\":\"SearchAction\",\"target\":{\"@type\":\"EntryPoint\",\"urlTemplate\":\"https:\\\/\\\/vanderhaeghe.be\\\/nl\\\/?s={search_term_string}\"},\"query-input\":{\"@type\":\"PropertyValueSpecification\",\"valueRequired\":true,\"valueName\":\"search_term_string\"}}],\"inLanguage\":\"fr-FR\"},{\"@type\":\"Organization\",\"@id\":\"https:\\\/\\\/vanderhaeghe.be\\\/nl\\\/#organization\",\"name\":\"Hilaire Van der Haeghe NV\",\"url\":\"https:\\\/\\\/vanderhaeghe.be\\\/nl\\\/\",\"logo\":{\"@type\":\"ImageObject\",\"inLanguage\":\"fr-FR\",\"@id\":\"https:\\\/\\\/vanderhaeghe.be\\\/nl\\\/#\\\/schema\\\/logo\\\/image\\\/\",\"url\":\"https:\\\/\\\/vanderhaeghe.be\\\/wp-content\\\/uploads\\\/2017\\\/10\\\/test-logo-hh-nv.png\",\"contentUrl\":\"https:\\\/\\\/vanderhaeghe.be\\\/wp-content\\\/uploads\\\/2017\\\/10\\\/test-logo-hh-nv.png\",\"width\":992,\"height\":386,\"caption\":\"Hilaire Van der Haeghe NV\"},\"image\":{\"@id\":\"https:\\\/\\\/vanderhaeghe.be\\\/nl\\\/#\\\/schema\\\/logo\\\/image\\\/\"}}]}<\/script>\n<!-- \/ Yoast SEO plugin. -->","yoast_head_json":{"title":"A propos &#8212; Hilaire Van der Haeghe","robots":{"index":"index","follow":"follow","max-snippet":"max-snippet:-1","max-image-preview":"max-image-preview:large","max-video-preview":"max-video-preview:-1"},"canonical":"https:\/\/vanderhaeghe.be\/fr\/a-propos\/","og_locale":"fr_FR","og_type":"article","og_title":"A propos &#8212; Hilaire Van der Haeghe","og_description":"La soci\u00e9t\u00e9 anonyme Hilaire Van der Haeghe (HH) est une entreprise familiale qui distribue sur le march\u00e9 belge du mat\u00e9riel et des \u00e9quipements. Elle assure la repr\u00e9sentation g\u00e9n\u00e9rale de constructeurs \u00e9trangers dans trois secteurs distincts : la m\u00e9canisation de l&rsquo;agriculture, le mat\u00e9riel parc et jardin, la manutention et le transport interne. HH vise une position [&hellip;]","og_url":"https:\/\/vanderhaeghe.be\/fr\/a-propos\/","og_site_name":"Hilaire Van der Haeghe","article_modified_time":"2016-12-14T16:50:45+00:00","twitter_card":"summary_large_image","twitter_misc":{"Dur\u00e9e de lecture estim\u00e9e":"1 minute"},"schema":{"@context":"https:\/\/schema.org","@graph":[{"@type":"WebPage","@id":"https:\/\/vanderhaeghe.be\/fr\/a-propos\/","url":"https:\/\/vanderhaeghe.be\/fr\/a-propos\/","name":"A propos &#8212; Hilaire Van der Haeghe","isPartOf":{"@id":"https:\/\/vanderhaeghe.be\/nl\/#website"},"datePublished":"2015-10-19T15:54:15+00:00","dateModified":"2016-12-14T16:50:45+00:00","breadcrumb":{"@id":"https:\/\/vanderhaeghe.be\/fr\/a-propos\/#breadcrumb"},"inLanguage":"fr-FR","potentialAction":[{"@type":"ReadAction","target":["https:\/\/vanderhaeghe.be\/fr\/a-propos\/"]}]},{"@type":"BreadcrumbList","@id":"https:\/\/vanderhaeghe.be\/fr\/a-propos\/#breadcrumb","itemListElement":[{"@type":"ListItem","position":1,"name":"Home","item":"https:\/\/vanderhaeghe.be\/fr\/"},{"@type":"ListItem","position":2,"name":"A propos"}]},{"@type":"WebSite","@id":"https:\/\/vanderhaeghe.be\/nl\/#website","url":"https:\/\/vanderhaeghe.be\/nl\/","name":"Hilaire Van der Haeghe","description":"HH Groep","publisher":{"@id":"https:\/\/vanderhaeghe.be\/nl\/#organization"},"potentialAction":[{"@type":"SearchAction","target":{"@type":"EntryPoint","urlTemplate":"https:\/\/vanderhaeghe.be\/nl\/?s={search_term_string}"},"query-input":{"@type":"PropertyValueSpecification","valueRequired":true,"valueName":"search_term_string"}}],"inLanguage":"fr-FR"},{"@type":"Organization","@id":"https:\/\/vanderhaeghe.be\/nl\/#organization","name":"Hilaire Van der Haeghe NV","url":"https:\/\/vanderhaeghe.be\/nl\/","logo":{"@type":"ImageObject","inLanguage":"fr-FR","@id":"https:\/\/vanderhaeghe.be\/nl\/#\/schema\/logo\/image\/","url":"https:\/\/vanderhaeghe.be\/wp-content\/uploads\/2017\/10\/test-logo-hh-nv.png","contentUrl":"https:\/\/vanderhaeghe.be\/wp-content\/uploads\/2017\/10\/test-logo-hh-nv.png","width":992,"height":386,"caption":"Hilaire Van der Haeghe NV"},"image":{"@id":"https:\/\/vanderhaeghe.be\/nl\/#\/schema\/logo\/image\/"}}]}},"_links":{"self":[{"href":"https:\/\/vanderhaeghe.be\/fr\/wp-json\/wp\/v2\/pages\/20","targetHints":{"allow":["GET"]}}],"collection":[{"href":"https:\/\/vanderhaeghe.be\/fr\/wp-json\/wp\/v2\/pages"}],"about":[{"href":"https:\/\/vanderhaeghe.be\/fr\/wp-json\/wp\/v2\/types\/page"}],"author":[{"embeddable":true,"href":"https:\/\/vanderhaeghe.be\/fr\/wp-json\/wp\/v2\/users\/20"}],"replies":[{"embeddable":true,"href":"https:\/\/vanderhaeghe.be\/fr\/wp-json\/wp\/v2\/comments?post=20"}],"version-history":[{"count":0,"href":"https:\/\/vanderhaeghe.be\/fr\/wp-json\/wp\/v2\/pages\/20\/revisions"}],"wp:attachment":[{"href":"https:\/\/vanderhaeghe.be\/fr\/wp-json\/wp\/v2\/media?parent=20"}],"curies":[{"name":"wp","href":"https:\/\/api.w.org\/{rel}","templated":true}]}}